{"id":6,"date":"2024-11-25T21:46:28","date_gmt":"2024-11-25T21:46:28","guid":{"rendered":"https:\/\/mixware.dk\/?page_id=6"},"modified":"2024-11-25T22:14:24","modified_gmt":"2024-11-25T22:14:24","slug":"mediamixer","status":"publish","type":"page","link":"https:\/\/mixware.dk\/","title":{"rendered":"Mediamixer"},"content":{"rendered":"\n<p class=\"is-style-default\"><\/p>\n\n\n\n<figure class=\"wp-block-image size-full is-resized\"><img loading=\"lazy\" decoding=\"async\" width=\"200\" height=\"190\" src=\"https:\/\/mixware.dk\/wp-content\/uploads\/2024\/11\/logo200-2.png\" alt=\"\" class=\"wp-image-10\" style=\"width:144px;height:auto\"\/><\/figure>\n\n\n\n<p class=\"is-style-text-subtitle is-style-text-subtitle--1\">Velkommen til Mixwares midlertidige hjemmeside.<\/p>\n\n\n\n<p>P\u00e5 grund af problemer p\u00e5 webhotellet, har visse funktioner i Mediamixer ikke virket. Det drejer sig is\u00e6r om programmets YouTube-funktioner.<br>De skulle nu virke igen.<\/p>\n\n\n\n<p><a href=\"https:\/\/mixware.dk\/MMSetup\/MMSetup_2020_080922.exe\">Download Mediamixer<\/a><\/p>\n\n\n\n<p><a href=\"https:\/\/mixware.dk\/MMSetup\/manual_dan.pdf\" target=\"_blank\" rel=\"noreferrer noopener\">Download manual<\/a><\/p>\n\n\n\n<figure class=\"wp-block-image size-full is-resized\"><img loading=\"lazy\" decoding=\"async\" width=\"1000\" height=\"807\" src=\"https:\/\/mixware.dk\/wp-content\/uploads\/2024\/11\/ipad2-1.png\" alt=\"\" class=\"wp-image-9\" style=\"width:507px;height:auto\" srcset=\"https:\/\/mixware.dk\/wp-content\/uploads\/2024\/11\/ipad2-1.png 1000w, https:\/\/mixware.dk\/wp-content\/uploads\/2024\/11\/ipad2-1-300x242.png 300w, https:\/\/mixware.dk\/wp-content\/uploads\/2024\/11\/ipad2-1-768x620.png 768w\" sizes=\"auto, (max-width: 1000px) 100vw, 1000px\" \/><\/figure>\n","protected":false},"excerpt":{"rendered":"<p>Velkommen til Mixwares midlertidige hjemmeside. P\u00e5 grund af problemer p\u00e5 webhotellet, har visse funktioner i Mediamixer ikke virket. Det drejer sig is\u00e6r om programmets YouTube-funktioner.De skulle nu virke igen. Download Mediamixer Download manual<\/p>\n","protected":false},"author":1,"featured_media":0,"parent":0,"menu_order":0,"comment_status":"closed","ping_status":"closed","template":"","meta":{"footnotes":""},"class_list":["post-6","page","type-page","status-publish","hentry"],"_links":{"self":[{"href":"https:\/\/mixware.dk\/index.php?rest_route=\/wp\/v2\/pages\/6","targetHints":{"allow":["GET"]}}],"collection":[{"href":"https:\/\/mixware.dk\/index.php?rest_route=\/wp\/v2\/pages"}],"about":[{"href":"https:\/\/mixware.dk\/index.php?rest_route=\/wp\/v2\/types\/page"}],"author":[{"embeddable":true,"href":"https:\/\/mixware.dk\/index.php?rest_route=\/wp\/v2\/users\/1"}],"replies":[{"embeddable":true,"href":"https:\/\/mixware.dk\/index.php?rest_route=%2Fwp%2Fv2%2Fcomments&post=6"}],"version-history":[{"count":6,"href":"https:\/\/mixware.dk\/index.php?rest_route=\/wp\/v2\/pages\/6\/revisions"}],"predecessor-version":[{"id":28,"href":"https:\/\/mixware.dk\/index.php?rest_route=\/wp\/v2\/pages\/6\/revisions\/28"}],"wp:attachment":[{"href":"https:\/\/mixware.dk\/index.php?rest_route=%2Fwp%2Fv2%2Fmedia&parent=6"}],"curies":[{"name":"wp","href":"https:\/\/api.w.org\/{rel}","templated":true}]}}